{"id":556,"date":"2024-12-16T14:09:59","date_gmt":"2024-12-16T13:09:59","guid":{"rendered":"https:\/\/www.spiritoftheday.com\/?post_type=product&#038;p=556"},"modified":"2025-04-08T16:24:48","modified_gmt":"2025-04-08T14:24:48","slug":"pack-2-bouteilles-tdl-2008-la-reunion-2017","status":"publish","type":"product","link":"https:\/\/www.spiritoftheday.com\/index.php\/produit\/pack-2-bouteilles-tdl-2008-la-reunion-2017\/","title":{"rendered":"Pack 2 bouteilles TDL 2008 + La R\u00e9union 2017"},"content":{"rendered":"<p>Pour les informations d\u00e9taill\u00e9es de d\u00e9gustation :<\/p>\n<p><a href=\"https:\/\/www.spiritoftheday.com\/index.php\/produit\/rhum-trinidad-tdl-2008-15-ans-644\/\">TDL heavy 2008 15 ans 64,4%<\/a><\/p>\n<p><a href=\"https:\/\/www.spiritoftheday.com\/index.php\/produit\/rhum-la-reunion-2017-7-ans-609\/\">La R\u00e9union 2017 7 ans 60,9%<\/a><\/p>\n<p>&nbsp;<\/p>\n","protected":false},"excerpt":{"rendered":"<p>Pack de 2 bouteilles compos\u00e9 d&rsquo;1 bouteille de <a href=\"https:\/\/www.spiritoftheday.com\/index.php\/produit\/rhum-trinidad-tdl-2008-15-ans-644\/\">TDL 2008 15 ans<\/a> et d&rsquo;1 bouteille de <a href=\"https:\/\/www.spiritoftheday.com\/index.php\/produit\/rhum-la-reunion-2017-7-ans-609\/\">La R\u00e9union 2017 7 ans<\/a>.<\/p>\n<p>Prix TTC pour deux bouteilles de 50cl (100cl en tout), incluant la TVA de 20% (26,83\u20ac).<\/p>\n","protected":false},"featured_media":578,"template":"","meta":[],"product_brand":[],"product_cat":[23],"product_tag":[],"class_list":{"0":"post-556","1":"product","2":"type-product","3":"status-publish","4":"has-post-thumbnail","6":"product_cat-rhum","7":"product_shipping_class-2b","9":"first","10":"outofstock","11":"taxable","12":"shipping-taxable","13":"purchasable","14":"product-type-simple"},"_links":{"self":[{"href":"https:\/\/www.spiritoftheday.com\/index.php\/wp-json\/wp\/v2\/product\/556","targetHints":{"allow":["GET"]}}],"collection":[{"href":"https:\/\/www.spiritoftheday.com\/index.php\/wp-json\/wp\/v2\/product"}],"about":[{"href":"https:\/\/www.spiritoftheday.com\/index.php\/wp-json\/wp\/v2\/types\/product"}],"wp:featuredmedia":[{"embeddable":true,"href":"https:\/\/www.spiritoftheday.com\/index.php\/wp-json\/wp\/v2\/media\/578"}],"wp:attachment":[{"href":"https:\/\/www.spiritoftheday.com\/index.php\/wp-json\/wp\/v2\/media?parent=556"}],"wp:term":[{"taxonomy":"product_brand","embeddable":true,"href":"https:\/\/www.spiritoftheday.com\/index.php\/wp-json\/wp\/v2\/product_brand?post=556"},{"taxonomy":"product_cat","embeddable":true,"href":"https:\/\/www.spiritoftheday.com\/index.php\/wp-json\/wp\/v2\/product_cat?post=556"},{"taxonomy":"product_tag","embeddable":true,"href":"https:\/\/www.spiritoftheday.com\/index.php\/wp-json\/wp\/v2\/product_tag?post=556"}],"curies":[{"name":"wp","href":"https:\/\/api.w.org\/{rel}","templated":true}]}}